{"id":71,"date":"2022-11-25T11:55:13","date_gmt":"2022-11-25T11:55:13","guid":{"rendered":"http:\/\/www.gnykalite.com\/?page_id=71"},"modified":"2022-11-29T19:41:01","modified_gmt":"2022-11-29T19:41:01","slug":"iletisim","status":"publish","type":"page","link":"https:\/\/www.gnykalite.com\/index.php\/iletisim\/","title":{"rendered":"\u0130leti\u015fim"},"content":{"rendered":"\n<p><\/p>\n\n\n\n<p><\/p>\n\n\n<div class=\"forminator-ui forminator-custom-form forminator-custom-form-88 forminator-design--default  forminator_ajax\" data-forminator-render=\"0\" data-form=\"forminator-module-88\" data-uid=\"69f4ed63ee644\"><br\/><\/div><form\n\t\t\t\tid=\"forminator-module-88\"\n\t\t\t\tclass=\"forminator-ui forminator-custom-form forminator-custom-form-88 forminator-design--default  forminator_ajax\"\n\t\t\t\tmethod=\"post\"\n\t\t\t\tdata-forminator-render=\"0\"\n\t\t\t\tdata-form-id=\"88\"\n\t\t\t\t\n\t\t\t\tdata-design=\"default\"\n\t\t\t\t\n\t\t\t\t\n\t\t\t\t\n\t\t\t\tdata-grid=\"open\"\n\t\t\t\t\n\t\t\t\t\n\t\t\t\tstyle=\"display: none;\"\n\t\t\t\t\n\t\t\t\tdata-uid=\"69f4ed63ee644\"\n\t\t\t><div class=\"forminator-response-message forminator-error\" aria-hidden=\"true\"><\/div><div class=\"forminator-row\"><div id=\"name-1\" class=\"forminator-col forminator-col-12 \"><div class=\"forminator-field\"><label for=\"forminator-field-name-1_69f4ed63ee644\" class=\"forminator-label\">Ad\u0131n\u0131z <span class=\"forminator-required\">*<\/span><\/label><input type=\"text\" name=\"name-1\" value=\"\" placeholder=\"\" id=\"forminator-field-name-1_69f4ed63ee644\" class=\"forminator-input forminator-name--field\" aria-required=\"true\" \/><\/div><\/div><\/div><div class=\"forminator-row\"><div id=\"name-2\" class=\"forminator-col forminator-col-12 \"><div class=\"forminator-field\"><label for=\"forminator-field-name-2_69f4ed63ee644\" class=\"forminator-label\">Soyad\u0131n\u0131z <span class=\"forminator-required\">*<\/span><\/label><input type=\"text\" name=\"name-2\" value=\"\" placeholder=\"\" id=\"forminator-field-name-2_69f4ed63ee644\" class=\"forminator-input forminator-name--field\" aria-required=\"true\" \/><\/div><\/div><\/div><div class=\"forminator-row\"><div id=\"email-1\" class=\"forminator-col forminator-col-12 \"><div class=\"forminator-field\"><label for=\"forminator-field-email-1_69f4ed63ee644\" class=\"forminator-label\">E-posta Adresi <span class=\"forminator-required\">*<\/span><\/label><input type=\"email\" name=\"email-1\" value=\"\" placeholder=\"\" id=\"forminator-field-email-1_69f4ed63ee644\" class=\"forminator-input forminator-email--field\" data-required=\"1\" aria-required=\"true\" \/><\/div><\/div><\/div><div class=\"forminator-row\"><div id=\"phone-1\" class=\"forminator-col forminator-col-12 \"><div class=\"forminator-field\"><label for=\"forminator-field-phone-1_69f4ed63ee644\" class=\"forminator-label\">Telefon Numaras\u0131<\/label><input type=\"text\" name=\"phone-1\" value=\"\" placeholder=\"\" id=\"forminator-field-phone-1_69f4ed63ee644\" class=\"forminator-input forminator-field--phone\" data-required=\"\" aria-required=\"false\" autocomplete=\"off\" \/><\/div><\/div><\/div><div class=\"forminator-row\"><div id=\"textarea-1\" class=\"forminator-col forminator-col-12 \"><div class=\"forminator-field\"><label for=\"forminator-field-textarea-1_69f4ed63ee644\" class=\"forminator-label\">Mesaj <span class=\"forminator-required\">*<\/span><\/label><textarea name=\"textarea-1\" placeholder=\"Mesaj\u0131n\u0131z\u0131 giriniz...\" id=\"forminator-field-textarea-1_69f4ed63ee644\" class=\"forminator-textarea\" rows=\"6\" style=\"min-height:140px;\" maxlength=\"250\" ><\/textarea><span class=\"forminator-description\"><span data-limit=\"250\" data-type=\"characters\">0 \/ 250<\/span><\/span><\/div><\/div><\/div><input type=\"hidden\" name=\"referer_url\" value=\"\" \/><div class=\"forminator-row forminator-row-last\"><div class=\"forminator-col\"><div class=\"forminator-field\"><button class=\"forminator-button forminator-button-submit\">Mesaj G&ouml;nder<\/button><\/div><\/div><\/div><input type=\"hidden\" id=\"forminator_nonce\" name=\"forminator_nonce\" value=\"f38d96dddf\" \/><input type=\"hidden\" name=\"_wp_http_referer\" value=\"\/index.php\/wp-json\/wp\/v2\/pages\/71\" \/><input type=\"hidden\" name=\"form_id\" value=\"88\"><input type=\"hidden\" name=\"page_id\" value=\"71\"><input type=\"hidden\" name=\"form_type\" value=\"default\"><input type=\"hidden\" name=\"current_url\" value=\"https:\/\/www.gnykalite.com\/index.php\/iletisim\/\"><input type=\"hidden\" name=\"render_id\" value=\"0\"><input type=\"hidden\" name=\"action\" value=\"forminator_submit_form_custom-forms\"><\/form>\n\n\n<p><iframe src=\"https:\/\/www.google.com\/maps\/embed?pb=!1m18!1m12!1m3!1d201550.16468213827!2d32.50648254999999!3d37.87850649999999!2m3!1f0!2f0!3f0!3m2!1i1024!2i768!4f13.1!3m3!1m2!1s0x14d08568d615f745%3A0x240dd0fc08060967!2sKonya!5e0!3m2!1str!2str!4v1669750191517!5m2!1str!2str\" width=\"600\" height=\"450\" style=\"border:0;\" allowfullscreen=\"\" loading=\"lazy\" referrerpolicy=\"no-referrer-when-downgrade\"><\/iframe><\/p>\n\n\n\n<p> <p>Sizlere daha kaliteli hizmet vermeye \u00e7al\u0131\u015f\u0131yoruz. Sitemizin yo\u011funlu\u011fundan dolay\u0131 bazen \u0130leti\u015fim Formu&#8217;muz tam olarak hizmet veremiyor. Anlay\u0131\u015f\u0131n\u0131z i\u00e7in te\u015fekk\u00fcr ederiz. Tak\u0131m Arkada\u015flar\u0131m\u0131z sizlere daha iyi hizmet vermek i\u00e7in bizlere a\u015fa\u011f\u0131daki adreslerden ula\u015fabilirsiniz. GNY KAL\u0130TE ailesi<\/p><\/p>\n\n\n\n<p><p>\u015eeyh \u015eamil Mah. Necip Bey Sok. No:5<\/p>Sel\u00e7uklu \/ KONYA \/ T\u00dcRK\u0130YE<\/p>\n\n\n\n<p>info@gnykalite.com<\/p>\n\n\n\n<p>sales@gnykalite.com <\/p>\n\n\n\n<p>Phone: +90 534 857 62 50<\/p>\n","protected":false},"excerpt":{"rendered":"<p>Sizlere daha kaliteli hizmet vermeye \u00e7al\u0131\u015f\u0131yoruz. Sitemizin yo\u011funlu\u011fundan dolay\u0131 bazen \u0130leti\u015fim Formu&#8217;muz tam olarak hizmet veremiyor. Anlay\u0131\u015f\u0131n\u0131z i\u00e7in te\u015fekk\u00fcr ederiz. Tak\u0131m Arkada\u015flar\u0131m\u0131z sizlere daha iyi hizmet vermek i\u00e7in bizlere a\u015fa\u011f\u0131daki adreslerden ula\u015fabilirsiniz. GNY KAL\u0130TE ailesi \u015eeyh \u015eamil Mah. Necip Bey Sok. No:5 Sel\u00e7uklu \/ KONYA \/ T\u00dcRK\u0130YE info@gnykalite.com sales@gnykalite.com Phone: +90 534 857 62 50<\/p>\n","protected":false},"author":1,"featured_media":0,"parent":0,"menu_order":0,"comment_status":"closed","ping_status":"closed","template":"","meta":[],"_links":{"self":[{"href":"https:\/\/www.gnykalite.com\/index.php\/wp-json\/wp\/v2\/pages\/71"}],"collection":[{"href":"https:\/\/www.gnykalite.com\/index.php\/wp-json\/wp\/v2\/pages"}],"about":[{"href":"https:\/\/www.gnykalite.com\/index.php\/wp-json\/wp\/v2\/types\/page"}],"author":[{"embeddable":true,"href":"https:\/\/www.gnykalite.com\/index.php\/wp-json\/wp\/v2\/users\/1"}],"replies":[{"embeddable":true,"href":"https:\/\/www.gnykalite.com\/index.php\/wp-json\/wp\/v2\/comments?post=71"}],"version-history":[{"count":9,"href":"https:\/\/www.gnykalite.com\/index.php\/wp-json\/wp\/v2\/pages\/71\/revisions"}],"predecessor-version":[{"id":164,"href":"https:\/\/www.gnykalite.com\/index.php\/wp-json\/wp\/v2\/pages\/71\/revisions\/164"}],"wp:attachment":[{"href":"https:\/\/www.gnykalite.com\/index.php\/wp-json\/wp\/v2\/media?parent=71"}],"curies":[{"name":"wp","href":"https:\/\/api.w.org\/{rel}","templated":true}]}}