{"id":572,"date":"2022-12-09T18:55:29","date_gmt":"2022-12-09T18:55:29","guid":{"rendered":"https:\/\/www.gnykalite.com\/?page_id=572"},"modified":"2022-12-10T08:47:23","modified_gmt":"2022-12-10T08:47:23","slug":"dozaj-ocagi-besleme-hunisi-contasi","status":"publish","type":"page","link":"https:\/\/www.gnykalite.com\/index.php\/dozaj-ocagi-besleme-hunisi-contasi\/","title":{"rendered":"Is\u0131ya Dayan\u0131kl\u0131 Contalar"},"content":{"rendered":"<div class=\"wp-block-image\">\n<figure class=\"aligncenter size-large\"><img decoding=\"async\" loading=\"lazy\" width=\"747\" height=\"1024\" src=\"https:\/\/www.gnykalite.com\/wp-content\/uploads\/2022\/12\/refrakter-2-747x1024.jpg\" alt=\"\" class=\"wp-image-683\" srcset=\"https:\/\/www.gnykalite.com\/wp-content\/uploads\/2022\/12\/refrakter-2-747x1024.jpg 747w, https:\/\/www.gnykalite.com\/wp-content\/uploads\/2022\/12\/refrakter-2-219x300.jpg 219w, https:\/\/www.gnykalite.com\/wp-content\/uploads\/2022\/12\/refrakter-2-768x1053.jpg 768w, https:\/\/www.gnykalite.com\/wp-content\/uploads\/2022\/12\/refrakter-2.jpg 908w\" sizes=\"(max-width: 747px) 100vw, 747px\" \/><\/figure><\/div>\n\n\n<div class=\"is-layout-flex wp-block-buttons\">\n<div class=\"wp-block-button aligncenter\"><a class=\"wp-block-button__link wp-element-button\" href=\"https:\/\/www.gnykalite.com\/wp-content\/uploads\/2022\/12\/refrakter.pdf\" target=\"_blank\" rel=\"noreferrer noopener\">Is\u0131ya Dayan\u0131kl\u0131 Contalar Katalo\u011funu \u0130ndir<\/a><\/div>\n<\/div>\n","protected":false},"excerpt":{"rendered":"","protected":false},"author":1,"featured_media":0,"parent":0,"menu_order":0,"comment_status":"closed","ping_status":"closed","template":"","meta":[],"_links":{"self":[{"href":"https:\/\/www.gnykalite.com\/index.php\/wp-json\/wp\/v2\/pages\/572"}],"collection":[{"href":"https:\/\/www.gnykalite.com\/index.php\/wp-json\/wp\/v2\/pages"}],"about":[{"href":"https:\/\/www.gnykalite.com\/index.php\/wp-json\/wp\/v2\/types\/page"}],"author":[{"embeddable":true,"href":"https:\/\/www.gnykalite.com\/index.php\/wp-json\/wp\/v2\/users\/1"}],"replies":[{"embeddable":true,"href":"https:\/\/www.gnykalite.com\/index.php\/wp-json\/wp\/v2\/comments?post=572"}],"version-history":[{"count":3,"href":"https:\/\/www.gnykalite.com\/index.php\/wp-json\/wp\/v2\/pages\/572\/revisions"}],"predecessor-version":[{"id":684,"href":"https:\/\/www.gnykalite.com\/index.php\/wp-json\/wp\/v2\/pages\/572\/revisions\/684"}],"wp:attachment":[{"href":"https:\/\/www.gnykalite.com\/index.php\/wp-json\/wp\/v2\/media?parent=572"}],"curies":[{"name":"wp","href":"https:\/\/api.w.org\/{rel}","templated":true}]}}