{"id":527,"date":"2022-12-09T18:07:59","date_gmt":"2022-12-09T18:07:59","guid":{"rendered":"https:\/\/www.gnykalite.com\/?page_id=527"},"modified":"2022-12-10T08:46:11","modified_gmt":"2022-12-10T08:46:11","slug":"dozaj-ocagi-tupu","status":"publish","type":"page","link":"https:\/\/www.gnykalite.com\/index.php\/dozaj-ocagi-tupu\/","title":{"rendered":"Dozaj Oca\u011f\u0131 T\u00fcp\u00fc"},"content":{"rendered":"<div class=\"wp-block-image\">\n<figure class=\"aligncenter size-large\"><img decoding=\"async\" loading=\"lazy\" width=\"747\" height=\"1024\" src=\"https:\/\/www.gnykalite.com\/wp-content\/uploads\/2022\/12\/refrakter-1-747x1024.jpg\" alt=\"\" class=\"wp-image-681\" srcset=\"https:\/\/www.gnykalite.com\/wp-content\/uploads\/2022\/12\/refrakter-1-747x1024.jpg 747w, https:\/\/www.gnykalite.com\/wp-content\/uploads\/2022\/12\/refrakter-1-219x300.jpg 219w, https:\/\/www.gnykalite.com\/wp-content\/uploads\/2022\/12\/refrakter-1-768x1053.jpg 768w, https:\/\/www.gnykalite.com\/wp-content\/uploads\/2022\/12\/refrakter-1.jpg 908w\" sizes=\"(max-width: 747px) 100vw, 747px\" \/><\/figure><\/div>\n\n\n<div class=\"is-layout-flex wp-block-buttons\">\n<div class=\"wp-block-button aligncenter\"><a class=\"wp-block-button__link wp-element-button\" href=\"https:\/\/www.gnykalite.com\/wp-content\/uploads\/2022\/12\/refrakter.pdf\" target=\"_blank\" rel=\"noreferrer noopener\">Dozaj Oca\u011f\u0131 T\u00fcp\u00fc Katalo\u011funu \u0130ndir<\/a><\/div>\n<\/div>\n","protected":false},"excerpt":{"rendered":"","protected":false},"author":1,"featured_media":0,"parent":0,"menu_order":0,"comment_status":"closed","ping_status":"closed","template":"","meta":[],"_links":{"self":[{"href":"https:\/\/www.gnykalite.com\/index.php\/wp-json\/wp\/v2\/pages\/527"}],"collection":[{"href":"https:\/\/www.gnykalite.com\/index.php\/wp-json\/wp\/v2\/pages"}],"about":[{"href":"https:\/\/www.gnykalite.com\/index.php\/wp-json\/wp\/v2\/types\/page"}],"author":[{"embeddable":true,"href":"https:\/\/www.gnykalite.com\/index.php\/wp-json\/wp\/v2\/users\/1"}],"replies":[{"embeddable":true,"href":"https:\/\/www.gnykalite.com\/index.php\/wp-json\/wp\/v2\/comments?post=527"}],"version-history":[{"count":2,"href":"https:\/\/www.gnykalite.com\/index.php\/wp-json\/wp\/v2\/pages\/527\/revisions"}],"predecessor-version":[{"id":682,"href":"https:\/\/www.gnykalite.com\/index.php\/wp-json\/wp\/v2\/pages\/527\/revisions\/682"}],"wp:attachment":[{"href":"https:\/\/www.gnykalite.com\/index.php\/wp-json\/wp\/v2\/media?parent=527"}],"curies":[{"name":"wp","href":"https:\/\/api.w.org\/{rel}","templated":true}]}}