{"id":504,"date":"2022-12-09T17:45:49","date_gmt":"2022-12-09T17:45:49","guid":{"rendered":"https:\/\/www.gnykalite.com\/?page_id=504"},"modified":"2022-12-10T08:38:31","modified_gmt":"2022-12-10T08:38:31","slug":"tuz-korozyon-test-cihazlari","status":"publish","type":"page","link":"https:\/\/www.gnykalite.com\/index.php\/tuz-korozyon-test-cihazlari\/","title":{"rendered":"Tuz Korozyon Test Cihazlar\u0131"},"content":{"rendered":"<div class=\"wp-block-image\">\n<figure class=\"aligncenter size-large\"><img decoding=\"async\" loading=\"lazy\" width=\"726\" height=\"1024\" src=\"https:\/\/www.gnykalite.com\/wp-content\/uploads\/2022\/12\/38-726x1024.jpg\" alt=\"\" class=\"wp-image-669\" srcset=\"https:\/\/www.gnykalite.com\/wp-content\/uploads\/2022\/12\/38-726x1024.jpg 726w, https:\/\/www.gnykalite.com\/wp-content\/uploads\/2022\/12\/38-213x300.jpg 213w, https:\/\/www.gnykalite.com\/wp-content\/uploads\/2022\/12\/38-768x1083.jpg 768w, https:\/\/www.gnykalite.com\/wp-content\/uploads\/2022\/12\/38-1089x1536.jpg 1089w, https:\/\/www.gnykalite.com\/wp-content\/uploads\/2022\/12\/38-1453x2048.jpg 1453w, https:\/\/www.gnykalite.com\/wp-content\/uploads\/2022\/12\/38-scaled.jpg 1816w\" sizes=\"(max-width: 726px) 100vw, 726px\" \/><\/figure><\/div>\n\n\n<div class=\"is-layout-flex wp-block-buttons\">\n<div class=\"wp-block-button aligncenter\"><a class=\"wp-block-button__link wp-element-button\" href=\"https:\/\/www.gnykalite.com\/wp-content\/uploads\/2022\/12\/Tuz-Korozyon-Test-Cihazlari.pdf\" target=\"_blank\" rel=\"noreferrer noopener\">Tuz Korozyon Test Cihazlar\u0131 Katalo\u011funu \u0130ndir<\/a><\/div>\n<\/div>\n","protected":false},"excerpt":{"rendered":"","protected":false},"author":1,"featured_media":0,"parent":0,"menu_order":0,"comment_status":"closed","ping_status":"closed","template":"","meta":[],"_links":{"self":[{"href":"https:\/\/www.gnykalite.com\/index.php\/wp-json\/wp\/v2\/pages\/504"}],"collection":[{"href":"https:\/\/www.gnykalite.com\/index.php\/wp-json\/wp\/v2\/pages"}],"about":[{"href":"https:\/\/www.gnykalite.com\/index.php\/wp-json\/wp\/v2\/types\/page"}],"author":[{"embeddable":true,"href":"https:\/\/www.gnykalite.com\/index.php\/wp-json\/wp\/v2\/users\/1"}],"replies":[{"embeddable":true,"href":"https:\/\/www.gnykalite.com\/index.php\/wp-json\/wp\/v2\/comments?post=504"}],"version-history":[{"count":2,"href":"https:\/\/www.gnykalite.com\/index.php\/wp-json\/wp\/v2\/pages\/504\/revisions"}],"predecessor-version":[{"id":670,"href":"https:\/\/www.gnykalite.com\/index.php\/wp-json\/wp\/v2\/pages\/504\/revisions\/670"}],"wp:attachment":[{"href":"https:\/\/www.gnykalite.com\/index.php\/wp-json\/wp\/v2\/media?parent=504"}],"curies":[{"name":"wp","href":"https:\/\/api.w.org\/{rel}","templated":true}]}}