{"id":502,"date":"2022-12-09T17:45:30","date_gmt":"2022-12-09T17:45:30","guid":{"rendered":"https:\/\/www.gnykalite.com\/?page_id=502"},"modified":"2022-12-10T10:52:48","modified_gmt":"2022-12-10T10:52:48","slug":"iklimlendirme-ve-kul-firinlari","status":"publish","type":"page","link":"https:\/\/www.gnykalite.com\/index.php\/iklimlendirme-ve-kul-firinlari\/","title":{"rendered":"\u0130klimlendirme ve K\u00fcl F\u0131r\u0131nlar\u0131"},"content":{"rendered":"<div class=\"wp-block-image\">\n<figure class=\"aligncenter size-large\"><img decoding=\"async\" loading=\"lazy\" width=\"726\" height=\"1024\" src=\"https:\/\/www.gnykalite.com\/wp-content\/uploads\/2022\/12\/39-726x1024.jpg\" alt=\"\" class=\"wp-image-666\" srcset=\"https:\/\/www.gnykalite.com\/wp-content\/uploads\/2022\/12\/39-726x1024.jpg 726w, https:\/\/www.gnykalite.com\/wp-content\/uploads\/2022\/12\/39-213x300.jpg 213w, https:\/\/www.gnykalite.com\/wp-content\/uploads\/2022\/12\/39-768x1083.jpg 768w, https:\/\/www.gnykalite.com\/wp-content\/uploads\/2022\/12\/39-1089x1536.jpg 1089w, https:\/\/www.gnykalite.com\/wp-content\/uploads\/2022\/12\/39-1453x2048.jpg 1453w, https:\/\/www.gnykalite.com\/wp-content\/uploads\/2022\/12\/39-scaled.jpg 1816w\" sizes=\"(max-width: 726px) 100vw, 726px\" \/><\/figure><\/div>\n\n\n<div class=\"is-layout-flex wp-block-buttons\">\n<div class=\"wp-block-button aligncenter\"><a class=\"wp-block-button__link wp-element-button\" href=\"https:\/\/www.gnykalite.com\/wp-content\/uploads\/2022\/12\/Iklimlendirme-ve-Kul-Firinlari.pdf\" target=\"_blank\" rel=\"noreferrer noopener\">\u0130klimlendirme ve K\u00fcl F\u0131r\u0131n\u0131 Katalo\u011funu \u0130ndir<\/a><\/div>\n<\/div>\n","protected":false},"excerpt":{"rendered":"","protected":false},"author":1,"featured_media":0,"parent":0,"menu_order":0,"comment_status":"closed","ping_status":"closed","template":"","meta":[],"_links":{"self":[{"href":"https:\/\/www.gnykalite.com\/index.php\/wp-json\/wp\/v2\/pages\/502"}],"collection":[{"href":"https:\/\/www.gnykalite.com\/index.php\/wp-json\/wp\/v2\/pages"}],"about":[{"href":"https:\/\/www.gnykalite.com\/index.php\/wp-json\/wp\/v2\/types\/page"}],"author":[{"embeddable":true,"href":"https:\/\/www.gnykalite.com\/index.php\/wp-json\/wp\/v2\/users\/1"}],"replies":[{"embeddable":true,"href":"https:\/\/www.gnykalite.com\/index.php\/wp-json\/wp\/v2\/comments?post=502"}],"version-history":[{"count":3,"href":"https:\/\/www.gnykalite.com\/index.php\/wp-json\/wp\/v2\/pages\/502\/revisions"}],"predecessor-version":[{"id":794,"href":"https:\/\/www.gnykalite.com\/index.php\/wp-json\/wp\/v2\/pages\/502\/revisions\/794"}],"wp:attachment":[{"href":"https:\/\/www.gnykalite.com\/index.php\/wp-json\/wp\/v2\/media?parent=502"}],"curies":[{"name":"wp","href":"https:\/\/api.w.org\/{rel}","templated":true}]}}