{"id":238,"date":"2022-12-07T11:21:22","date_gmt":"2022-12-07T11:21:22","guid":{"rendered":"http:\/\/www.gnykalite.com\/?page_id=238"},"modified":"2022-12-10T08:19:30","modified_gmt":"2022-12-10T08:19:30","slug":"ndt-test-cihazlari","status":"publish","type":"page","link":"https:\/\/www.gnykalite.com\/index.php\/ndt-test-cihazlari\/","title":{"rendered":"NDT Test Cihazlar\u0131"},"content":{"rendered":"<div class=\"wp-block-image\">\n<figure class=\"aligncenter size-large\"><img decoding=\"async\" loading=\"lazy\" width=\"726\" height=\"1024\" src=\"https:\/\/www.gnykalite.com\/wp-content\/uploads\/2022\/12\/15-2-726x1024.jpg\" alt=\"\" class=\"wp-image-655\" srcset=\"https:\/\/www.gnykalite.com\/wp-content\/uploads\/2022\/12\/15-2-726x1024.jpg 726w, https:\/\/www.gnykalite.com\/wp-content\/uploads\/2022\/12\/15-2-213x300.jpg 213w, https:\/\/www.gnykalite.com\/wp-content\/uploads\/2022\/12\/15-2-768x1083.jpg 768w, https:\/\/www.gnykalite.com\/wp-content\/uploads\/2022\/12\/15-2-1089x1536.jpg 1089w, https:\/\/www.gnykalite.com\/wp-content\/uploads\/2022\/12\/15-2-1453x2048.jpg 1453w, https:\/\/www.gnykalite.com\/wp-content\/uploads\/2022\/12\/15-2-scaled.jpg 1816w\" sizes=\"(max-width: 726px) 100vw, 726px\" \/><\/figure><\/div>\n\n\n<div class=\"is-layout-flex wp-block-buttons\">\n<div class=\"wp-block-button aligncenter\"><a class=\"wp-block-button__link wp-element-button\" href=\"https:\/\/www.gnykalite.com\/wp-content\/uploads\/2022\/12\/NDT-Test-Cihazlari.pdf\" target=\"_blank\" rel=\"noreferrer noopener\">NDT Test Cihazlar\u0131 Katalo\u011funu \u0130ndir<\/a><\/div>\n<\/div>\n","protected":false},"excerpt":{"rendered":"","protected":false},"author":1,"featured_media":0,"parent":0,"menu_order":0,"comment_status":"closed","ping_status":"closed","template":"","meta":[],"_links":{"self":[{"href":"https:\/\/www.gnykalite.com\/index.php\/wp-json\/wp\/v2\/pages\/238"}],"collection":[{"href":"https:\/\/www.gnykalite.com\/index.php\/wp-json\/wp\/v2\/pages"}],"about":[{"href":"https:\/\/www.gnykalite.com\/index.php\/wp-json\/wp\/v2\/types\/page"}],"author":[{"embeddable":true,"href":"https:\/\/www.gnykalite.com\/index.php\/wp-json\/wp\/v2\/users\/1"}],"replies":[{"embeddable":true,"href":"https:\/\/www.gnykalite.com\/index.php\/wp-json\/wp\/v2\/comments?post=238"}],"version-history":[{"count":4,"href":"https:\/\/www.gnykalite.com\/index.php\/wp-json\/wp\/v2\/pages\/238\/revisions"}],"predecessor-version":[{"id":657,"href":"https:\/\/www.gnykalite.com\/index.php\/wp-json\/wp\/v2\/pages\/238\/revisions\/657"}],"wp:attachment":[{"href":"https:\/\/www.gnykalite.com\/index.php\/wp-json\/wp\/v2\/media?parent=238"}],"curies":[{"name":"wp","href":"https:\/\/api.w.org\/{rel}","templated":true}]}}