{"id":236,"date":"2022-12-07T11:19:53","date_gmt":"2022-12-07T11:19:53","guid":{"rendered":"http:\/\/www.gnykalite.com\/?page_id=236"},"modified":"2022-12-10T08:16:26","modified_gmt":"2022-12-10T08:16:26","slug":"ultrasonik-olcum-cihazlari","status":"publish","type":"page","link":"https:\/\/www.gnykalite.com\/index.php\/ultrasonik-olcum-cihazlari\/","title":{"rendered":"Ultrasonik \u00d6l\u00e7\u00fcm Cihazlar\u0131"},"content":{"rendered":"<div class=\"wp-block-image\">\n<figure class=\"aligncenter size-large\"><img decoding=\"async\" loading=\"lazy\" width=\"726\" height=\"1024\" src=\"https:\/\/www.gnykalite.com\/wp-content\/uploads\/2022\/12\/9-726x1024.jpg\" alt=\"\" class=\"wp-image-643\" srcset=\"https:\/\/www.gnykalite.com\/wp-content\/uploads\/2022\/12\/9-726x1024.jpg 726w, https:\/\/www.gnykalite.com\/wp-content\/uploads\/2022\/12\/9-213x300.jpg 213w, https:\/\/www.gnykalite.com\/wp-content\/uploads\/2022\/12\/9-768x1083.jpg 768w, https:\/\/www.gnykalite.com\/wp-content\/uploads\/2022\/12\/9-1089x1536.jpg 1089w, https:\/\/www.gnykalite.com\/wp-content\/uploads\/2022\/12\/9-1453x2048.jpg 1453w, https:\/\/www.gnykalite.com\/wp-content\/uploads\/2022\/12\/9-scaled.jpg 1816w\" sizes=\"(max-width: 726px) 100vw, 726px\" \/><\/figure><\/div>\n\n<div class=\"wp-block-image\">\n<figure class=\"aligncenter size-large\"><img decoding=\"async\" loading=\"lazy\" width=\"726\" height=\"1024\" src=\"https:\/\/www.gnykalite.com\/wp-content\/uploads\/2022\/12\/10-726x1024.jpg\" alt=\"\" class=\"wp-image-644\" srcset=\"https:\/\/www.gnykalite.com\/wp-content\/uploads\/2022\/12\/10-726x1024.jpg 726w, https:\/\/www.gnykalite.com\/wp-content\/uploads\/2022\/12\/10-213x300.jpg 213w, https:\/\/www.gnykalite.com\/wp-content\/uploads\/2022\/12\/10-768x1083.jpg 768w, https:\/\/www.gnykalite.com\/wp-content\/uploads\/2022\/12\/10-1089x1536.jpg 1089w, https:\/\/www.gnykalite.com\/wp-content\/uploads\/2022\/12\/10-1453x2048.jpg 1453w, https:\/\/www.gnykalite.com\/wp-content\/uploads\/2022\/12\/10-scaled.jpg 1816w\" sizes=\"(max-width: 726px) 100vw, 726px\" \/><\/figure><\/div>\n\n<div class=\"wp-block-image\">\n<figure class=\"aligncenter size-large\"><img decoding=\"async\" loading=\"lazy\" width=\"726\" height=\"1024\" src=\"https:\/\/www.gnykalite.com\/wp-content\/uploads\/2022\/12\/11-726x1024.jpg\" alt=\"\" class=\"wp-image-645\" srcset=\"https:\/\/www.gnykalite.com\/wp-content\/uploads\/2022\/12\/11-726x1024.jpg 726w, https:\/\/www.gnykalite.com\/wp-content\/uploads\/2022\/12\/11-213x300.jpg 213w, https:\/\/www.gnykalite.com\/wp-content\/uploads\/2022\/12\/11-768x1083.jpg 768w, https:\/\/www.gnykalite.com\/wp-content\/uploads\/2022\/12\/11-1089x1536.jpg 1089w, https:\/\/www.gnykalite.com\/wp-content\/uploads\/2022\/12\/11-1453x2048.jpg 1453w, https:\/\/www.gnykalite.com\/wp-content\/uploads\/2022\/12\/11-scaled.jpg 1816w\" sizes=\"(max-width: 726px) 100vw, 726px\" \/><\/figure><\/div>\n\n<div class=\"wp-block-image\">\n<figure class=\"aligncenter size-large\"><img decoding=\"async\" loading=\"lazy\" width=\"726\" height=\"1024\" src=\"https:\/\/www.gnykalite.com\/wp-content\/uploads\/2022\/12\/12-726x1024.jpg\" alt=\"\" class=\"wp-image-646\" srcset=\"https:\/\/www.gnykalite.com\/wp-content\/uploads\/2022\/12\/12-726x1024.jpg 726w, https:\/\/www.gnykalite.com\/wp-content\/uploads\/2022\/12\/12-213x300.jpg 213w, https:\/\/www.gnykalite.com\/wp-content\/uploads\/2022\/12\/12-768x1083.jpg 768w, https:\/\/www.gnykalite.com\/wp-content\/uploads\/2022\/12\/12-1089x1536.jpg 1089w, https:\/\/www.gnykalite.com\/wp-content\/uploads\/2022\/12\/12-1453x2048.jpg 1453w, https:\/\/www.gnykalite.com\/wp-content\/uploads\/2022\/12\/12-scaled.jpg 1816w\" sizes=\"(max-width: 726px) 100vw, 726px\" \/><\/figure><\/div>\n\n<div class=\"wp-block-image\">\n<figure class=\"aligncenter size-large\"><img decoding=\"async\" loading=\"lazy\" width=\"726\" height=\"1024\" src=\"https:\/\/www.gnykalite.com\/wp-content\/uploads\/2022\/12\/13-726x1024.jpg\" alt=\"\" class=\"wp-image-647\" srcset=\"https:\/\/www.gnykalite.com\/wp-content\/uploads\/2022\/12\/13-726x1024.jpg 726w, https:\/\/www.gnykalite.com\/wp-content\/uploads\/2022\/12\/13-213x300.jpg 213w, https:\/\/www.gnykalite.com\/wp-content\/uploads\/2022\/12\/13-768x1083.jpg 768w, https:\/\/www.gnykalite.com\/wp-content\/uploads\/2022\/12\/13-1089x1536.jpg 1089w, https:\/\/www.gnykalite.com\/wp-content\/uploads\/2022\/12\/13-1453x2048.jpg 1453w, https:\/\/www.gnykalite.com\/wp-content\/uploads\/2022\/12\/13-scaled.jpg 1816w\" sizes=\"(max-width: 726px) 100vw, 726px\" \/><\/figure><\/div>\n\n<div class=\"wp-block-image\">\n<figure class=\"aligncenter size-large\"><img decoding=\"async\" loading=\"lazy\" width=\"726\" height=\"1024\" src=\"https:\/\/www.gnykalite.com\/wp-content\/uploads\/2022\/12\/14-726x1024.jpg\" alt=\"\" class=\"wp-image-649\" srcset=\"https:\/\/www.gnykalite.com\/wp-content\/uploads\/2022\/12\/14-726x1024.jpg 726w, https:\/\/www.gnykalite.com\/wp-content\/uploads\/2022\/12\/14-213x300.jpg 213w, https:\/\/www.gnykalite.com\/wp-content\/uploads\/2022\/12\/14-768x1083.jpg 768w, https:\/\/www.gnykalite.com\/wp-content\/uploads\/2022\/12\/14-1089x1536.jpg 1089w, https:\/\/www.gnykalite.com\/wp-content\/uploads\/2022\/12\/14-1453x2048.jpg 1453w, https:\/\/www.gnykalite.com\/wp-content\/uploads\/2022\/12\/14-scaled.jpg 1816w\" sizes=\"(max-width: 726px) 100vw, 726px\" \/><\/figure><\/div>\n\n\n<div class=\"is-layout-flex wp-block-buttons\">\n<div class=\"wp-block-button aligncenter\"><a class=\"wp-block-button__link wp-element-button\" href=\"https:\/\/www.gnykalite.com\/wp-content\/uploads\/2022\/12\/Ultrasonik-Olcum-Cihazlari.pdf\" target=\"_blank\" rel=\"noreferrer noopener\">Ultrasonik \u00d6l\u00e7\u00fcm Cihazlar\u0131 Katalo\u011funu \u0130ndir<\/a><\/div>\n<\/div>\n","protected":false},"excerpt":{"rendered":"","protected":false},"author":1,"featured_media":0,"parent":0,"menu_order":0,"comment_status":"closed","ping_status":"closed","template":"","meta":[],"_links":{"self":[{"href":"https:\/\/www.gnykalite.com\/index.php\/wp-json\/wp\/v2\/pages\/236"}],"collection":[{"href":"https:\/\/www.gnykalite.com\/index.php\/wp-json\/wp\/v2\/pages"}],"about":[{"href":"https:\/\/www.gnykalite.com\/index.php\/wp-json\/wp\/v2\/types\/page"}],"author":[{"embeddable":true,"href":"https:\/\/www.gnykalite.com\/index.php\/wp-json\/wp\/v2\/users\/1"}],"replies":[{"embeddable":true,"href":"https:\/\/www.gnykalite.com\/index.php\/wp-json\/wp\/v2\/comments?post=236"}],"version-history":[{"count":4,"href":"https:\/\/www.gnykalite.com\/index.php\/wp-json\/wp\/v2\/pages\/236\/revisions"}],"predecessor-version":[{"id":651,"href":"https:\/\/www.gnykalite.com\/index.php\/wp-json\/wp\/v2\/pages\/236\/revisions\/651"}],"wp:attachment":[{"href":"https:\/\/www.gnykalite.com\/index.php\/wp-json\/wp\/v2\/media?parent=236"}],"curies":[{"name":"wp","href":"https:\/\/api.w.org\/{rel}","templated":true}]}}