{"id":230,"date":"2022-12-07T11:17:09","date_gmt":"2022-12-07T11:17:09","guid":{"rendered":"http:\/\/www.gnykalite.com\/?page_id=230"},"modified":"2022-12-10T08:02:47","modified_gmt":"2022-12-10T08:02:47","slug":"olcu-aletleri","status":"publish","type":"page","link":"https:\/\/www.gnykalite.com\/index.php\/olcu-aletleri\/","title":{"rendered":"\u00d6l\u00e7\u00fc Aletleri"},"content":{"rendered":"<div class=\"wp-block-image\">\n<figure class=\"aligncenter size-large\"><img decoding=\"async\" loading=\"lazy\" width=\"727\" height=\"1024\" src=\"https:\/\/www.gnykalite.com\/wp-content\/uploads\/2022\/12\/1-1-727x1024.jpg\" alt=\"\" class=\"wp-image-618\" srcset=\"https:\/\/www.gnykalite.com\/wp-content\/uploads\/2022\/12\/1-1-727x1024.jpg 727w, https:\/\/www.gnykalite.com\/wp-content\/uploads\/2022\/12\/1-1-213x300.jpg 213w, https:\/\/www.gnykalite.com\/wp-content\/uploads\/2022\/12\/1-1-768x1081.jpg 768w, https:\/\/www.gnykalite.com\/wp-content\/uploads\/2022\/12\/1-1-1091x1536.jpg 1091w, https:\/\/www.gnykalite.com\/wp-content\/uploads\/2022\/12\/1-1-1455x2048.jpg 1455w, https:\/\/www.gnykalite.com\/wp-content\/uploads\/2022\/12\/1-1-scaled.jpg 1819w\" sizes=\"(max-width: 727px) 100vw, 727px\" \/><\/figure><\/div>\n\n<div class=\"wp-block-image\">\n<figure class=\"aligncenter size-large\"><img decoding=\"async\" loading=\"lazy\" width=\"727\" height=\"1024\" src=\"https:\/\/www.gnykalite.com\/wp-content\/uploads\/2022\/12\/2-1-727x1024.jpg\" alt=\"\" class=\"wp-image-619\" srcset=\"https:\/\/www.gnykalite.com\/wp-content\/uploads\/2022\/12\/2-1-727x1024.jpg 727w, https:\/\/www.gnykalite.com\/wp-content\/uploads\/2022\/12\/2-1-213x300.jpg 213w, https:\/\/www.gnykalite.com\/wp-content\/uploads\/2022\/12\/2-1-768x1081.jpg 768w, https:\/\/www.gnykalite.com\/wp-content\/uploads\/2022\/12\/2-1-1091x1536.jpg 1091w, https:\/\/www.gnykalite.com\/wp-content\/uploads\/2022\/12\/2-1-1455x2048.jpg 1455w, https:\/\/www.gnykalite.com\/wp-content\/uploads\/2022\/12\/2-1-scaled.jpg 1819w\" sizes=\"(max-width: 727px) 100vw, 727px\" \/><\/figure><\/div>\n\n<div class=\"wp-block-image\">\n<figure class=\"aligncenter size-large\"><img decoding=\"async\" loading=\"lazy\" width=\"727\" height=\"1024\" src=\"https:\/\/www.gnykalite.com\/wp-content\/uploads\/2022\/12\/3-4-727x1024.jpg\" alt=\"\" class=\"wp-image-625\" srcset=\"https:\/\/www.gnykalite.com\/wp-content\/uploads\/2022\/12\/3-4-727x1024.jpg 727w, https:\/\/www.gnykalite.com\/wp-content\/uploads\/2022\/12\/3-4-213x300.jpg 213w, https:\/\/www.gnykalite.com\/wp-content\/uploads\/2022\/12\/3-4-768x1081.jpg 768w, https:\/\/www.gnykalite.com\/wp-content\/uploads\/2022\/12\/3-4-1091x1536.jpg 1091w, https:\/\/www.gnykalite.com\/wp-content\/uploads\/2022\/12\/3-4-1455x2048.jpg 1455w, https:\/\/www.gnykalite.com\/wp-content\/uploads\/2022\/12\/3-4-scaled.jpg 1819w\" sizes=\"(max-width: 727px) 100vw, 727px\" \/><\/figure><\/div>\n\n<div class=\"wp-block-image\">\n<figure class=\"aligncenter size-large\"><img decoding=\"async\" loading=\"lazy\" width=\"726\" height=\"1024\" src=\"https:\/\/www.gnykalite.com\/wp-content\/uploads\/2022\/12\/4-3-726x1024.jpg\" alt=\"\" class=\"wp-image-627\" srcset=\"https:\/\/www.gnykalite.com\/wp-content\/uploads\/2022\/12\/4-3-726x1024.jpg 726w, https:\/\/www.gnykalite.com\/wp-content\/uploads\/2022\/12\/4-3-213x300.jpg 213w, https:\/\/www.gnykalite.com\/wp-content\/uploads\/2022\/12\/4-3-768x1083.jpg 768w, https:\/\/www.gnykalite.com\/wp-content\/uploads\/2022\/12\/4-3-1089x1536.jpg 1089w, https:\/\/www.gnykalite.com\/wp-content\/uploads\/2022\/12\/4-3-1453x2048.jpg 1453w, https:\/\/www.gnykalite.com\/wp-content\/uploads\/2022\/12\/4-3-scaled.jpg 1816w\" sizes=\"(max-width: 726px) 100vw, 726px\" \/><\/figure><\/div>\n\n\n<div class=\"is-layout-flex wp-block-buttons\">\n<div class=\"wp-block-button aligncenter\"><a class=\"wp-block-button__link wp-element-button\" href=\"https:\/\/www.gnykalite.com\/wp-content\/uploads\/2022\/12\/olcu-aletleri.pdf\" target=\"_blank\" rel=\"noreferrer noopener\">\u00d6l\u00e7\u00fc Aletleri Katalo\u011funu \u0130ndir<\/a><\/div>\n<\/div>\n","protected":false},"excerpt":{"rendered":"","protected":false},"author":1,"featured_media":0,"parent":0,"menu_order":0,"comment_status":"closed","ping_status":"closed","template":"","meta":[],"_links":{"self":[{"href":"https:\/\/www.gnykalite.com\/index.php\/wp-json\/wp\/v2\/pages\/230"}],"collection":[{"href":"https:\/\/www.gnykalite.com\/index.php\/wp-json\/wp\/v2\/pages"}],"about":[{"href":"https:\/\/www.gnykalite.com\/index.php\/wp-json\/wp\/v2\/types\/page"}],"author":[{"embeddable":true,"href":"https:\/\/www.gnykalite.com\/index.php\/wp-json\/wp\/v2\/users\/1"}],"replies":[{"embeddable":true,"href":"https:\/\/www.gnykalite.com\/index.php\/wp-json\/wp\/v2\/comments?post=230"}],"version-history":[{"count":8,"href":"https:\/\/www.gnykalite.com\/index.php\/wp-json\/wp\/v2\/pages\/230\/revisions"}],"predecessor-version":[{"id":633,"href":"https:\/\/www.gnykalite.com\/index.php\/wp-json\/wp\/v2\/pages\/230\/revisions\/633"}],"wp:attachment":[{"href":"https:\/\/www.gnykalite.com\/index.php\/wp-json\/wp\/v2\/media?parent=230"}],"curies":[{"name":"wp","href":"https:\/\/api.w.org\/{rel}","templated":true}]}}