{"id":228,"date":"2022-12-07T11:16:53","date_gmt":"2022-12-07T11:16:53","guid":{"rendered":"http:\/\/www.gnykalite.com\/?page_id=228"},"modified":"2022-12-10T08:11:04","modified_gmt":"2022-12-10T08:11:04","slug":"sertlik-olcme-cihazlari","status":"publish","type":"page","link":"https:\/\/www.gnykalite.com\/index.php\/sertlik-olcme-cihazlari\/","title":{"rendered":"Sertlik \u00d6l\u00e7me Cihazlar\u0131"},"content":{"rendered":"<div class=\"wp-block-image\">\n<figure class=\"aligncenter size-large\"><img decoding=\"async\" loading=\"lazy\" width=\"726\" height=\"1024\" src=\"https:\/\/www.gnykalite.com\/wp-content\/uploads\/2022\/12\/5-726x1024.jpg\" alt=\"\" class=\"wp-image-634\" srcset=\"https:\/\/www.gnykalite.com\/wp-content\/uploads\/2022\/12\/5-726x1024.jpg 726w, https:\/\/www.gnykalite.com\/wp-content\/uploads\/2022\/12\/5-213x300.jpg 213w, https:\/\/www.gnykalite.com\/wp-content\/uploads\/2022\/12\/5-768x1083.jpg 768w, https:\/\/www.gnykalite.com\/wp-content\/uploads\/2022\/12\/5-1089x1536.jpg 1089w, https:\/\/www.gnykalite.com\/wp-content\/uploads\/2022\/12\/5-1453x2048.jpg 1453w, https:\/\/www.gnykalite.com\/wp-content\/uploads\/2022\/12\/5-scaled.jpg 1816w\" sizes=\"(max-width: 726px) 100vw, 726px\" \/><\/figure><\/div>\n\n<div class=\"wp-block-image\">\n<figure class=\"aligncenter size-large\"><img decoding=\"async\" loading=\"lazy\" width=\"726\" height=\"1024\" src=\"https:\/\/www.gnykalite.com\/wp-content\/uploads\/2022\/12\/8-726x1024.jpg\" alt=\"\" class=\"wp-image-635\" srcset=\"https:\/\/www.gnykalite.com\/wp-content\/uploads\/2022\/12\/8-726x1024.jpg 726w, https:\/\/www.gnykalite.com\/wp-content\/uploads\/2022\/12\/8-213x300.jpg 213w, https:\/\/www.gnykalite.com\/wp-content\/uploads\/2022\/12\/8-768x1083.jpg 768w, https:\/\/www.gnykalite.com\/wp-content\/uploads\/2022\/12\/8-1089x1536.jpg 1089w, https:\/\/www.gnykalite.com\/wp-content\/uploads\/2022\/12\/8-1453x2048.jpg 1453w, https:\/\/www.gnykalite.com\/wp-content\/uploads\/2022\/12\/8-scaled.jpg 1816w\" sizes=\"(max-width: 726px) 100vw, 726px\" \/><\/figure><\/div>\n\n<div class=\"wp-block-image\">\n<figure class=\"aligncenter size-large\"><img decoding=\"async\" loading=\"lazy\" width=\"726\" height=\"1024\" src=\"https:\/\/www.gnykalite.com\/wp-content\/uploads\/2022\/12\/16-726x1024.jpg\" alt=\"\" class=\"wp-image-636\" srcset=\"https:\/\/www.gnykalite.com\/wp-content\/uploads\/2022\/12\/16-726x1024.jpg 726w, https:\/\/www.gnykalite.com\/wp-content\/uploads\/2022\/12\/16-213x300.jpg 213w, https:\/\/www.gnykalite.com\/wp-content\/uploads\/2022\/12\/16-768x1083.jpg 768w, https:\/\/www.gnykalite.com\/wp-content\/uploads\/2022\/12\/16-1089x1536.jpg 1089w, https:\/\/www.gnykalite.com\/wp-content\/uploads\/2022\/12\/16-1453x2048.jpg 1453w, https:\/\/www.gnykalite.com\/wp-content\/uploads\/2022\/12\/16-scaled.jpg 1816w\" sizes=\"(max-width: 726px) 100vw, 726px\" \/><\/figure><\/div>\n\n<div class=\"wp-block-image\">\n<figure class=\"aligncenter size-large\"><img decoding=\"async\" loading=\"lazy\" width=\"726\" height=\"1024\" src=\"https:\/\/www.gnykalite.com\/wp-content\/uploads\/2022\/12\/21-726x1024.jpg\" alt=\"\" class=\"wp-image-637\" srcset=\"https:\/\/www.gnykalite.com\/wp-content\/uploads\/2022\/12\/21-726x1024.jpg 726w, https:\/\/www.gnykalite.com\/wp-content\/uploads\/2022\/12\/21-213x300.jpg 213w, https:\/\/www.gnykalite.com\/wp-content\/uploads\/2022\/12\/21-768x1083.jpg 768w, https:\/\/www.gnykalite.com\/wp-content\/uploads\/2022\/12\/21-1089x1536.jpg 1089w, https:\/\/www.gnykalite.com\/wp-content\/uploads\/2022\/12\/21-1453x2048.jpg 1453w, https:\/\/www.gnykalite.com\/wp-content\/uploads\/2022\/12\/21-scaled.jpg 1816w\" sizes=\"(max-width: 726px) 100vw, 726px\" \/><\/figure><\/div>\n\n\n<div class=\"is-layout-flex wp-block-buttons\">\n<div class=\"wp-block-button aligncenter\"><a class=\"wp-block-button__link wp-element-button\" href=\"https:\/\/www.gnykalite.com\/wp-content\/uploads\/2022\/12\/sertlik-oclme-cihazlari.pdf\" target=\"_blank\" rel=\"noreferrer noopener\">Sertlik \u00d6l\u00e7me Cihazlar\u0131 Katalo\u011funu \u0130ndir<\/a><\/div>\n<\/div>\n","protected":false},"excerpt":{"rendered":"","protected":false},"author":1,"featured_media":0,"parent":0,"menu_order":0,"comment_status":"closed","ping_status":"closed","template":"","meta":[],"_links":{"self":[{"href":"https:\/\/www.gnykalite.com\/index.php\/wp-json\/wp\/v2\/pages\/228"}],"collection":[{"href":"https:\/\/www.gnykalite.com\/index.php\/wp-json\/wp\/v2\/pages"}],"about":[{"href":"https:\/\/www.gnykalite.com\/index.php\/wp-json\/wp\/v2\/types\/page"}],"author":[{"embeddable":true,"href":"https:\/\/www.gnykalite.com\/index.php\/wp-json\/wp\/v2\/users\/1"}],"replies":[{"embeddable":true,"href":"https:\/\/www.gnykalite.com\/index.php\/wp-json\/wp\/v2\/comments?post=228"}],"version-history":[{"count":7,"href":"https:\/\/www.gnykalite.com\/index.php\/wp-json\/wp\/v2\/pages\/228\/revisions"}],"predecessor-version":[{"id":642,"href":"https:\/\/www.gnykalite.com\/index.php\/wp-json\/wp\/v2\/pages\/228\/revisions\/642"}],"wp:attachment":[{"href":"https:\/\/www.gnykalite.com\/index.php\/wp-json\/wp\/v2\/media?parent=228"}],"curies":[{"name":"wp","href":"https:\/\/api.w.org\/{rel}","templated":true}]}}